{"id":1774,"date":"2020-12-06T11:43:18","date_gmt":"2020-12-06T11:43:18","guid":{"rendered":"https:\/\/lainelsalvador.com\/sv\/?page_id=1774"},"modified":"2023-06-07T18:31:52","modified_gmt":"2023-06-07T18:31:52","slug":"un-antes-y-un-despues-4","status":"publish","type":"page","link":"https:\/\/lainelsalvador.com\/sv\/un-antes-y-un-despues-4\/","title":{"rendered":"Un antes y un despu\u00e9s"},"content":{"rendered":"<div data-colibri-id=\"1774-c1\" class=\"style-539 style-local-1774-c1 position-relative\">\n  <!---->\n  <div data-colibri-component=\"section\" data-colibri-id=\"1774-c2\" id=\"photo-gallery\" class=\"h-section h-section-global-spacing d-flex align-items-lg-center align-items-md-center align-items-center style-540 style-local-1774-c2 position-relative\">\n    <!---->\n    <!---->\n    <div class=\"h-section-grid-container h-section-boxed-container\">\n      <!---->\n      <div data-colibri-id=\"1774-c3\" class=\"h-row-container gutters-row-lg-2 gutters-row-md-2 gutters-row-0 gutters-row-v-lg-2 gutters-row-v-md-2 gutters-row-v-2 style-555 style-local-1774-c3 position-relative\">\n        <!---->\n        <div class=\"h-row justify-content-lg-center justify-content-md-center justify-content-center align-items-lg-stretch align-items-md-stretch align-items-stretch gutters-col-lg-2 gutters-col-md-2 gutters-col-0 gutters-col-v-lg-2 gutters-col-v-md-2 gutters-col-v-2\">\n          <!---->\n          <div class=\"h-column h-column-container d-flex h-col-lg-auto h-col-md-auto h-col-auto style-556-outer style-local-1774-c4-outer\">\n            <div data-colibri-id=\"1774-c4\" class=\"d-flex h-flex-basis h-column__inner h-px-lg-2 h-px-md-2 h-px-2 v-inner-lg-2 v-inner-md-2 v-inner-2 style-556 style-local-1774-c4 position-relative\">\n              <!---->\n              <!---->\n              <div class=\"w-100 h-y-container h-column__content h-column__v-align flex-basis-100 align-self-lg-start align-self-md-start align-self-start\">\n                <!---->\n                <div data-colibri-id=\"1774-c5\" data-aos=\"bounce\" class=\"h-text h-text-component style-554 style-local-1774-c5 position-relative h-element\">\n                  <!---->\n                  <!---->\n                  <div class=\"\">\n                    <p><span style=\"color: rgb(30, 30, 30); font-family: Coustard; font-size: 98%; font-weight: 400;\">Sea cual sea el motivo que te impulse a perder unas libritas de m\u00e1s, querer&nbsp;lucir mejor o sentirte mejor, desde hoy marcaras en tu vida un ANTES y un&nbsp;DESPU\u00c9S, porque querer es poder y no hay l\u00edmites para quienes luchan por&nbsp;ello. <\/span><\/p>\n                    <p><span style=\"color: rgb(30, 30, 30); font-family: Coustard; font-size: 98%; font-weight: 400; cursor: text;\">\u00a1Si ellos pudieron T\u00fa tambi\u00e9n \u2026!<\/span><\/p>\n                  <\/div>\n                <\/div>\n              <\/div>\n            <\/div>\n          <\/div>\n        <\/div>\n      <\/div>\n      <div data-colibri-id=\"1774-c6\" class=\"h-row-container gutters-row-lg-1 gutters-row-md-1 gutters-row-2 gutters-row-v-lg-1 gutters-row-v-md-1 gutters-row-v-2 style-541 style-local-1774-c6 position-relative\">\n        <!---->\n        <div class=\"h-row justify-content-lg-center justify-content-md-center justify-content-center align-items-lg-stretch align-items-md-stretch align-items-stretch gutters-col-lg-1 gutters-col-md-1 gutters-col-2 gutters-col-v-lg-1 gutters-col-v-md-1 gutters-col-v-2\">\n          <!---->\n          <div class=\"h-column h-column-container d-flex h-col-lg-auto h-col-md-auto h-col-auto style-545-outer style-local-1774-c7-outer\">\n            <div data-colibri-id=\"1774-c7\" class=\"d-flex h-flex-basis h-column__inner h-px-lg-0 h-px-md-0 h-px-0 v-inner-lg-0 v-inner-md-0 v-inner-0 style-545 style-local-1774-c7 position-relative\">\n              <!---->\n              <!---->\n              <div class=\"w-100 h-y-container h-column__content h-column__v-align flex-basis-100 align-self-lg-center align-self-md-center align-self-center\">\n                <!---->\n                <div data-colibri-component=\"masonry\" data-colibri-id=\"1774-c8\" class=\"h-photo-gallery margin-none caption-none photo-gallery--with-hover-effect photo-gallery--with-hover-effect--zoom style-546 style-local-1774-c8 position-relative h-element\">\n                  <!---->\n                  <div class=\"h-global-transition-all\"><div id='colibri-1774-c8' class='gallery-wrapper'>    <style type=\"text\/css\">\n\n        @media (min-width: 1023px) {        #colibri-1774-c8        dl {\n            float: left;\n            width: 33.333333333333% !important;\n            max-width: 33.333333333333% !important;\n            min-width: 33.333333333333% !important;\n        }\n\n        #colibri-1774-c8        dl:nth-of-type(3n +1 ) {\n            clear: both;\n        }\n\n        }@media (min-width: 768px) and (max-width: 1023px) {        #colibri-1774-c8        dl {\n            float: left;\n            width: 33.333333333333% !important;\n            max-width: 33.333333333333% !important;\n            min-width: 33.333333333333% !important;\n        }\n\n        #colibri-1774-c8        dl:nth-of-type(3n +1 ) {\n            clear: both;\n        }\n\n        }@media (max-width: 767px) {        #colibri-1774-c8        dl {\n            float: left;\n            width: 50% !important;\n            max-width: 50% !important;\n            min-width: 50% !important;\n        }\n\n        #colibri-1774-c8        dl:nth-of-type(2n +1 ) {\n            clear: both;\n        }\n\n        }\n        #colibri-1774-c8        .gallery-item {\n            position: relative;\n        }\n\n        \n    <\/style>\n    <div   class='colibri-1774-c8-dls-wrapper gallery-items-wrapper' ><dl class='gallery-item masonry-item'>\n\t\t\t<dt class='gallery-icon landscape'>\n\t\t\t\t<a data-fancybox=\"colibri-1774-c8-group\" href='https:\/\/lainelsalvador.com\/sv\/wp-content\/uploads\/2020\/05\/Luis-Samayoa.jpeg'><img decoding=\"async\"  width=\"800\" height=\"800\" src=\"https:\/\/lainelsalvador.com\/sv\/wp-content\/uploads\/2020\/05\/Luis-Samayoa.jpeg\"  class='colibri-1774-c8-image' alt=\"\" srcset=\"https:\/\/lainelsalvador.com\/sv\/wp-content\/uploads\/2020\/05\/Luis-Samayoa.jpeg 800w, https:\/\/lainelsalvador.com\/sv\/wp-content\/uploads\/2020\/05\/Luis-Samayoa-300x300.jpeg 300w, https:\/\/lainelsalvador.com\/sv\/wp-content\/uploads\/2020\/05\/Luis-Samayoa-150x150.jpeg 150w, https:\/\/lainelsalvador.com\/sv\/wp-content\/uploads\/2020\/05\/Luis-Samayoa-768x768.jpeg 768w, https:\/\/lainelsalvador.com\/sv\/wp-content\/uploads\/2020\/05\/Luis-Samayoa-100x100.jpeg 100w\" sizes=\"(max-width: 800px) 100vw, 800px\" \/><\/a>\n\t\t\t<\/dt><\/dl><dl class='gallery-item masonry-item'>\n\t\t\t<dt class='gallery-icon landscape'>\n\t\t\t\t<a data-fancybox=\"colibri-1774-c8-group\" href='https:\/\/lainelsalvador.com\/sv\/wp-content\/uploads\/2021\/06\/WhatsApp-Image-2021-06-15-at-5.37.19-PM.jpeg'><img decoding=\"async\"  width=\"1024\" height=\"1024\" src=\"https:\/\/lainelsalvador.com\/sv\/wp-content\/uploads\/2021\/06\/WhatsApp-Image-2021-06-15-at-5.37.19-PM-1024x1024.jpeg\"  class='colibri-1774-c8-image' alt=\"\" srcset=\"https:\/\/lainelsalvador.com\/sv\/wp-content\/uploads\/2021\/06\/WhatsApp-Image-2021-06-15-at-5.37.19-PM-1024x1024.jpeg 1024w, https:\/\/lainelsalvador.com\/sv\/wp-content\/uploads\/2021\/06\/WhatsApp-Image-2021-06-15-at-5.37.19-PM-300x300.jpeg 300w, https:\/\/lainelsalvador.com\/sv\/wp-content\/uploads\/2021\/06\/WhatsApp-Image-2021-06-15-at-5.37.19-PM-150x150.jpeg 150w, https:\/\/lainelsalvador.com\/sv\/wp-content\/uploads\/2021\/06\/WhatsApp-Image-2021-06-15-at-5.37.19-PM-768x768.jpeg 768w, https:\/\/lainelsalvador.com\/sv\/wp-content\/uploads\/2021\/06\/WhatsApp-Image-2021-06-15-at-5.37.19-PM.jpeg 1200w\" sizes=\"(max-width: 1024px) 100vw, 1024px\" \/><\/a>\n\t\t\t<\/dt><\/dl><dl class='gallery-item masonry-item'>\n\t\t\t<dt class='gallery-icon landscape'>\n\t\t\t\t<a data-fancybox=\"colibri-1774-c8-group\" href='https:\/\/lainelsalvador.com\/sv\/wp-content\/uploads\/2020\/12\/Mauricio-Rivera-LAIN.png'><img decoding=\"async\"  width=\"1024\" height=\"1024\" src=\"https:\/\/lainelsalvador.com\/sv\/wp-content\/uploads\/2020\/12\/Mauricio-Rivera-LAIN-1024x1024.png\"  class='colibri-1774-c8-image' alt=\"\" srcset=\"https:\/\/lainelsalvador.com\/sv\/wp-content\/uploads\/2020\/12\/Mauricio-Rivera-LAIN-1024x1024.png 1024w, https:\/\/lainelsalvador.com\/sv\/wp-content\/uploads\/2020\/12\/Mauricio-Rivera-LAIN-300x300.png 300w, https:\/\/lainelsalvador.com\/sv\/wp-content\/uploads\/2020\/12\/Mauricio-Rivera-LAIN-150x150.png 150w, https:\/\/lainelsalvador.com\/sv\/wp-content\/uploads\/2020\/12\/Mauricio-Rivera-LAIN-768x768.png 768w, https:\/\/lainelsalvador.com\/sv\/wp-content\/uploads\/2020\/12\/Mauricio-Rivera-LAIN.png 1200w\" sizes=\"(max-width: 1024px) 100vw, 1024px\" \/><\/a>\n\t\t\t<\/dt><\/dl><dl class='gallery-item masonry-item'>\n\t\t\t<dt class='gallery-icon landscape'>\n\t\t\t\t<a data-fancybox=\"colibri-1774-c8-group\" href='https:\/\/lainelsalvador.com\/sv\/wp-content\/uploads\/2020\/05\/Maria-Jose-Moran-1.jpeg'><img decoding=\"async\"  width=\"1024\" height=\"1024\" src=\"https:\/\/lainelsalvador.com\/sv\/wp-content\/uploads\/2020\/05\/Maria-Jose-Moran-1-1024x1024.jpeg\"  class='colibri-1774-c8-image' alt=\"\" srcset=\"https:\/\/lainelsalvador.com\/sv\/wp-content\/uploads\/2020\/05\/Maria-Jose-Moran-1-1024x1024.jpeg 1024w, https:\/\/lainelsalvador.com\/sv\/wp-content\/uploads\/2020\/05\/Maria-Jose-Moran-1-300x300.jpeg 300w, https:\/\/lainelsalvador.com\/sv\/wp-content\/uploads\/2020\/05\/Maria-Jose-Moran-1-150x150.jpeg 150w, https:\/\/lainelsalvador.com\/sv\/wp-content\/uploads\/2020\/05\/Maria-Jose-Moran-1-768x768.jpeg 768w, https:\/\/lainelsalvador.com\/sv\/wp-content\/uploads\/2020\/05\/Maria-Jose-Moran-1-100x100.jpeg 100w, https:\/\/lainelsalvador.com\/sv\/wp-content\/uploads\/2020\/05\/Maria-Jose-Moran-1.jpeg 1080w\" sizes=\"(max-width: 1024px) 100vw, 1024px\" \/><\/a>\n\t\t\t<\/dt><\/dl><dl class='gallery-item masonry-item'>\n\t\t\t<dt class='gallery-icon landscape'>\n\t\t\t\t<a data-fancybox=\"colibri-1774-c8-group\" href='https:\/\/lainelsalvador.com\/sv\/wp-content\/uploads\/2020\/05\/Guillermo-Flore.jpeg'><img decoding=\"async\"  width=\"800\" height=\"800\" src=\"https:\/\/lainelsalvador.com\/sv\/wp-content\/uploads\/2020\/05\/Guillermo-Flore.jpeg\"  class='colibri-1774-c8-image' alt=\"\" srcset=\"https:\/\/lainelsalvador.com\/sv\/wp-content\/uploads\/2020\/05\/Guillermo-Flore.jpeg 800w, https:\/\/lainelsalvador.com\/sv\/wp-content\/uploads\/2020\/05\/Guillermo-Flore-300x300.jpeg 300w, https:\/\/lainelsalvador.com\/sv\/wp-content\/uploads\/2020\/05\/Guillermo-Flore-150x150.jpeg 150w, https:\/\/lainelsalvador.com\/sv\/wp-content\/uploads\/2020\/05\/Guillermo-Flore-768x768.jpeg 768w, https:\/\/lainelsalvador.com\/sv\/wp-content\/uploads\/2020\/05\/Guillermo-Flore-100x100.jpeg 100w\" sizes=\"(max-width: 800px) 100vw, 800px\" \/><\/a>\n\t\t\t<\/dt><\/dl><dl class='gallery-item masonry-item'>\n\t\t\t<dt class='gallery-icon landscape'>\n\t\t\t\t<a data-fancybox=\"colibri-1774-c8-group\" href='https:\/\/lainelsalvador.com\/sv\/wp-content\/uploads\/2020\/05\/Marcela-Estrada.jpeg'><img decoding=\"async\"  width=\"800\" height=\"800\" src=\"https:\/\/lainelsalvador.com\/sv\/wp-content\/uploads\/2020\/05\/Marcela-Estrada.jpeg\"  class='colibri-1774-c8-image' alt=\"\" srcset=\"https:\/\/lainelsalvador.com\/sv\/wp-content\/uploads\/2020\/05\/Marcela-Estrada.jpeg 800w, https:\/\/lainelsalvador.com\/sv\/wp-content\/uploads\/2020\/05\/Marcela-Estrada-300x300.jpeg 300w, https:\/\/lainelsalvador.com\/sv\/wp-content\/uploads\/2020\/05\/Marcela-Estrada-150x150.jpeg 150w, https:\/\/lainelsalvador.com\/sv\/wp-content\/uploads\/2020\/05\/Marcela-Estrada-768x768.jpeg 768w, https:\/\/lainelsalvador.com\/sv\/wp-content\/uploads\/2020\/05\/Marcela-Estrada-100x100.jpeg 100w\" sizes=\"(max-width: 800px) 100vw, 800px\" \/><\/a>\n\t\t\t<\/dt><\/dl><dl class='gallery-item masonry-item'>\n\t\t\t<dt class='gallery-icon landscape'>\n\t\t\t\t<a data-fancybox=\"colibri-1774-c8-group\" href='https:\/\/lainelsalvador.com\/sv\/wp-content\/uploads\/2020\/06\/Rafael-Vargas-antes-1.jpg'><img decoding=\"async\"  width=\"960\" height=\"960\" src=\"https:\/\/lainelsalvador.com\/sv\/wp-content\/uploads\/2020\/06\/Rafael-Vargas-antes-1.jpg\"  class='colibri-1774-c8-image' alt=\"\" srcset=\"https:\/\/lainelsalvador.com\/sv\/wp-content\/uploads\/2020\/06\/Rafael-Vargas-antes-1.jpg 960w, https:\/\/lainelsalvador.com\/sv\/wp-content\/uploads\/2020\/06\/Rafael-Vargas-antes-1-300x300.jpg 300w, https:\/\/lainelsalvador.com\/sv\/wp-content\/uploads\/2020\/06\/Rafael-Vargas-antes-1-150x150.jpg 150w, https:\/\/lainelsalvador.com\/sv\/wp-content\/uploads\/2020\/06\/Rafael-Vargas-antes-1-768x768.jpg 768w\" sizes=\"(max-width: 960px) 100vw, 960px\" \/><\/a>\n\t\t\t<\/dt><\/dl><dl class='gallery-item masonry-item'>\n\t\t\t<dt class='gallery-icon landscape'>\n\t\t\t\t<a data-fancybox=\"colibri-1774-c8-group\" href='https:\/\/lainelsalvador.com\/sv\/wp-content\/uploads\/2020\/05\/Lourdes-Matamoros.jpeg'><img decoding=\"async\"  width=\"800\" height=\"800\" src=\"https:\/\/lainelsalvador.com\/sv\/wp-content\/uploads\/2020\/05\/Lourdes-Matamoros.jpeg\"  class='colibri-1774-c8-image' alt=\"\" srcset=\"https:\/\/lainelsalvador.com\/sv\/wp-content\/uploads\/2020\/05\/Lourdes-Matamoros.jpeg 800w, https:\/\/lainelsalvador.com\/sv\/wp-content\/uploads\/2020\/05\/Lourdes-Matamoros-300x300.jpeg 300w, https:\/\/lainelsalvador.com\/sv\/wp-content\/uploads\/2020\/05\/Lourdes-Matamoros-150x150.jpeg 150w, https:\/\/lainelsalvador.com\/sv\/wp-content\/uploads\/2020\/05\/Lourdes-Matamoros-768x768.jpeg 768w, https:\/\/lainelsalvador.com\/sv\/wp-content\/uploads\/2020\/05\/Lourdes-Matamoros-100x100.jpeg 100w\" sizes=\"(max-width: 800px) 100vw, 800px\" \/><\/a>\n\t\t\t<\/dt><\/dl><dl class='gallery-item masonry-item'>\n\t\t\t<dt class='gallery-icon landscape'>\n\t\t\t\t<a data-fancybox=\"colibri-1774-c8-group\" href='https:\/\/lainelsalvador.com\/sv\/wp-content\/uploads\/2020\/05\/Alessandra-Yescas.jpeg'><img decoding=\"async\"  width=\"720\" height=\"720\" src=\"https:\/\/lainelsalvador.com\/sv\/wp-content\/uploads\/2020\/05\/Alessandra-Yescas.jpeg\"  class='colibri-1774-c8-image' alt=\"\" srcset=\"https:\/\/lainelsalvador.com\/sv\/wp-content\/uploads\/2020\/05\/Alessandra-Yescas.jpeg 720w, https:\/\/lainelsalvador.com\/sv\/wp-content\/uploads\/2020\/05\/Alessandra-Yescas-300x300.jpeg 300w, https:\/\/lainelsalvador.com\/sv\/wp-content\/uploads\/2020\/05\/Alessandra-Yescas-150x150.jpeg 150w, https:\/\/lainelsalvador.com\/sv\/wp-content\/uploads\/2020\/05\/Alessandra-Yescas-100x100.jpeg 100w\" sizes=\"(max-width: 720px) 100vw, 720px\" \/><\/a>\n\t\t\t<\/dt><\/dl><dl class='gallery-item masonry-item'>\n\t\t\t<dt class='gallery-icon landscape'>\n\t\t\t\t<a data-fancybox=\"colibri-1774-c8-group\" href='https:\/\/lainelsalvador.com\/sv\/wp-content\/uploads\/2020\/06\/daicy-barahona-antes.jpg'><img decoding=\"async\"  width=\"960\" height=\"960\" src=\"https:\/\/lainelsalvador.com\/sv\/wp-content\/uploads\/2020\/06\/daicy-barahona-antes.jpg\"  class='colibri-1774-c8-image' alt=\"\" srcset=\"https:\/\/lainelsalvador.com\/sv\/wp-content\/uploads\/2020\/06\/daicy-barahona-antes.jpg 960w, https:\/\/lainelsalvador.com\/sv\/wp-content\/uploads\/2020\/06\/daicy-barahona-antes-300x300.jpg 300w, https:\/\/lainelsalvador.com\/sv\/wp-content\/uploads\/2020\/06\/daicy-barahona-antes-150x150.jpg 150w, https:\/\/lainelsalvador.com\/sv\/wp-content\/uploads\/2020\/06\/daicy-barahona-antes-768x768.jpg 768w\" sizes=\"(max-width: 960px) 100vw, 960px\" \/><\/a>\n\t\t\t<\/dt><\/dl><dl class='gallery-item masonry-item'>\n\t\t\t<dt class='gallery-icon portrait'>\n\t\t\t\t<a data-fancybox=\"colibri-1774-c8-group\" href='https:\/\/lainelsalvador.com\/sv\/wp-content\/uploads\/2020\/06\/Henry-S\u00e1nchez.jpeg'><img decoding=\"async\"  width=\"720\" height=\"793\" src=\"https:\/\/lainelsalvador.com\/sv\/wp-content\/uploads\/2020\/06\/Henry-S\u00e1nchez.jpeg\"  class='colibri-1774-c8-image' alt=\"\" srcset=\"https:\/\/lainelsalvador.com\/sv\/wp-content\/uploads\/2020\/06\/Henry-S\u00e1nchez.jpeg 720w, https:\/\/lainelsalvador.com\/sv\/wp-content\/uploads\/2020\/06\/Henry-S\u00e1nchez-272x300.jpeg 272w\" sizes=\"(max-width: 720px) 100vw, 720px\" \/><\/a>\n\t\t\t<\/dt><\/dl>\n\t\t\t\n\t\t<\/div>\n<style>#colibri-1774-c8 .wp-caption-text.gallery-caption{display:none;}<\/style><\/div><\/div>\n                <\/div>\n              <\/div>\n            <\/div>\n          <\/div>\n        <\/div>\n      <\/div>\n    <\/div>\n  <\/div>\n<\/div>","protected":false},"excerpt":{"rendered":"<p>Sea cual sea el motivo que te impulse a perder unas libritas de m\u00e1s, querer&nbsp;lucir mejor o sentirte mejor, desde hoy marcaras en tu vida un ANTES y un&nbsp;DESPU\u00c9S, porque querer es poder y no hay l\u00edmites para quienes luchan por&nbsp;ello. \u00a1Si ellos pudieron T\u00fa tambi\u00e9n \u2026!<\/p>\n","protected":false},"author":1,"featured_media":0,"parent":0,"menu_order":0,"comment_status":"closed","ping_status":"closed","template":"page-templates\/full-width-page.php","meta":{"footnotes":""},"class_list":["post-1774","page","type-page","status-publish","hentry"],"_links":{"self":[{"href":"https:\/\/lainelsalvador.com\/sv\/wp-json\/wp\/v2\/pages\/1774","targetHints":{"allow":["GET"]}}],"collection":[{"href":"https:\/\/lainelsalvador.com\/sv\/wp-json\/wp\/v2\/pages"}],"about":[{"href":"https:\/\/lainelsalvador.com\/sv\/wp-json\/wp\/v2\/types\/page"}],"author":[{"embeddable":true,"href":"https:\/\/lainelsalvador.com\/sv\/wp-json\/wp\/v2\/users\/1"}],"replies":[{"embeddable":true,"href":"https:\/\/lainelsalvador.com\/sv\/wp-json\/wp\/v2\/comments?post=1774"}],"version-history":[{"count":19,"href":"https:\/\/lainelsalvador.com\/sv\/wp-json\/wp\/v2\/pages\/1774\/revisions"}],"predecessor-version":[{"id":3660,"href":"https:\/\/lainelsalvador.com\/sv\/wp-json\/wp\/v2\/pages\/1774\/revisions\/3660"}],"wp:attachment":[{"href":"https:\/\/lainelsalvador.com\/sv\/wp-json\/wp\/v2\/media?parent=1774"}],"curies":[{"name":"wp","href":"https:\/\/api.w.org\/{rel}","templated":true}]}}