{"id":1896,"date":"2020-12-07T00:37:59","date_gmt":"2020-12-07T00:37:59","guid":{"rendered":"https:\/\/lainelsalvador.com\/sv\/?page_id=1896"},"modified":"2022-06-25T02:25:35","modified_gmt":"2022-06-25T02:25:35","slug":"__trashed-2","status":"publish","type":"page","link":"https:\/\/lainelsalvador.com\/sv\/__trashed-2\/","title":{"rendered":"Productos Exclusivos"},"content":{"rendered":"<div data-colibri-id=\"1896-c1\" class=\"style-557 style-local-1896-c1 position-relative\">\n  <!---->\n  <div data-colibri-component=\"section\" data-colibri-id=\"1896-c2\" id=\"about\" class=\"h-section h-section-global-spacing d-flex align-items-lg-center align-items-md-center align-items-center style-558 style-local-1896-c2 position-relative\">\n    <!---->\n    <!---->\n    <div class=\"h-section-grid-container h-section-boxed-container\">\n      <div data-colibri-id=\"1896-c7\" class=\"h-row-container gutters-row-lg-2 gutters-row-md-2 gutters-row-2 gutters-row-v-lg-2 gutters-row-v-md-2 gutters-row-v-2 style-563 style-local-1896-c7 position-relative\">\n        <!---->\n        <div class=\"h-row justify-content-lg-center justify-content-md-center justify-content-center align-items-lg-stretch align-items-md-stretch align-items-stretch gutters-col-lg-2 gutters-col-md-2 gutters-col-2 gutters-col-v-lg-2 gutters-col-v-md-2 gutters-col-v-2\">\n          <!---->\n          <div class=\"h-column h-column-container d-flex h-col-lg-auto h-col-md-auto h-col-auto style-564-outer style-local-1896-c8-outer\">\n            <div data-colibri-id=\"1896-c8\" class=\"d-flex h-flex-basis h-column__inner h-px-lg-2 h-px-md-2 h-px-2 v-inner-lg-2 v-inner-md-2 v-inner-2 style-564 style-local-1896-c8 position-relative\">\n              <!---->\n              <!---->\n              <div class=\"w-100 h-y-container h-column__content h-column__v-align flex-basis-100 align-self-lg-start align-self-md-start align-self-start\">\n                <!---->\n                <div data-colibri-id=\"1896-c9\" class=\"h-global-transition-all h-heading style-566 style-local-1896-c9 position-relative h-element\">\n                  <!---->\n                  <div data-aos=\"bounceInRight\" class=\"h-heading__outer style-566 style-local-1896-c9\">\n                    <!---->\n                    <!---->\n                    <h2 class=\"\">SI es posible&#8230;<\/h2>\n                  <\/div>\n                <\/div>\n                <div data-colibri-id=\"1896-c10\" class=\"h-lead h-text h-text-component style-567 style-local-1896-c10 position-relative h-element\">\n                  <!---->\n                  <!---->\n                  <div class=\"\">\n                    <p><span style=\"font-weight: 400; font-size: 16px; font-family: &quot;Noto Serif&quot;; color: rgb(30, 30, 30);\">Nuestros tratamientos exclusivos THERMOG\u00c9NESIS, THERMOG\u00c9NTIBIUM Y SPECTROPACH, est\u00e1n dise\u00f1ados para lograr perder hasta 23 libras en 23 sesiones, con el apoyo Medico y Nutricional y si t\u00fa quieres lograrlo, debes iniciar                       organizando tus prioridades, muchas personas que nos escriben tienen en com\u00fan un factor de excusa que se llama \u00bb Tiempo \u00bb pero sabemos que el tiempo esta amarrado a nuestras prioridades en la vida, hay cosas importantes que no tienen                       valor porque su valor es incalculable, uno de ellos eres T\u00da , si T\u00da, t\u00fa eres tu prioridad, porque de ti depende lograr lo que te propones en la vida, y sin salud y una sana auto estima es imposible avanzar en la vida. Comenzamos&#8230;.!   <\/span><\/p>\n                  <\/div>\n                <\/div>\n                <div data-colibri-id=\"1896-c11\" class=\"h-icon style-580 style-local-1896-c11 position-relative h-element\">\n                  <!---->\n                  <a href=\"https:\/\/m.me\/lainsv\" h-use-smooth-scroll=\"true\"><span class=\"h-svg-icon h-icon__icon style-580-icon style-local-1896-c11-icon\"><!--Icon by Socicon (http:\/\/www.socicon.com)--><svg version=\"1.1\" xmlns=\"http:\/\/www.w3.org\/2000\/svg\" viewBox=\"0 0 1500 1500\">\n\n<path d=\"M750 0c-411 0-745.5 310.5-745.5 694.5 0 219 108 414 277.5 541.5v264l253.5-139.5c67.5 19.5 139.5 28.5 214.5 28.5 411 0 745.5-310.5 745.5-694.5s-334.5-694.5-745.5-694.5zM823.5 934.5l-189-202.5-370.5 202.5 408-435 195 204 366-204-409.5 435z\"><\/path>\n<\/svg>\n<\/span><\/a>\n                <\/div>\n              <\/div>\n            <\/div>\n          <\/div>\n        <\/div>\n      <\/div>\n      <div data-colibri-id=\"1896-c3\" class=\"h-row-container gutters-row-lg-0 gutters-row-md-0 gutters-row-0 gutters-row-v-lg-0 gutters-row-v-md-0 gutters-row-v-0 style-627 style-local-1896-c3 position-relative\">\n        <!---->\n        <div class=\"h-row justify-content-lg-center justify-content-md-center justify-content-center align-items-lg-stretch align-items-md-stretch align-items-stretch gutters-col-lg-0 gutters-col-md-0 gutters-col-0 gutters-col-v-lg-0 gutters-col-v-md-0 gutters-col-v-0\">\n          <!---->\n          <div class=\"h-column h-column-container d-flex h-col-lg-12 h-col-md-12 h-col-12 style-628-outer style-local-1896-c4-outer\">\n            <div data-colibri-id=\"1896-c4\" class=\"d-flex h-flex-basis h-column__inner h-px-lg-0 h-px-md-0 h-px-0 v-inner-lg-0 v-inner-md-0 v-inner-0 style-628 style-local-1896-c4 position-relative\">\n              <!---->\n              <!---->\n              <div class=\"w-100 h-y-container h-column__content h-column__v-align flex-basis-100 align-self-lg-start align-self-md-start align-self-start\">\n                <!---->\n                <div data-colibri-component=\"video\" data-colibri-id=\"1896-c5\" class=\"d-block h-video d-block h-video style-630 style-local-1896-c5 position-relative h-element\">\n                  <!---->\n                  <!---->\n                  <div class=\"video-container position-relative\">\n                    <div class=\"h-global-transition-all ratio-inner\"><video class='h-video-main' autoplay controls  ><source src=https:\/\/lainelsalvador.com\/sv\/wp-content\/uploads\/2022\/06\/Thermogenesis.mp4 type='video\/mp4' \/><\/video><\/div>\n                  <\/div>\n                <\/div>\n              <\/div>\n            <\/div>\n          <\/div>\n        <\/div>\n      <\/div>\n    <\/div>\n  <\/div>\n  <div data-colibri-component=\"section\" data-colibri-id=\"1896-c12\" id=\"about-2\" class=\"h-section h-section-global-spacing d-flex align-items-lg-center align-items-md-center align-items-center style-586 style-local-1896-c12 position-relative\">\n    <!---->\n    <!---->\n    <div class=\"h-section-grid-container h-section-boxed-container\">\n      <!---->\n      <div data-colibri-id=\"1896-c13\" class=\"h-row-container gutters-row-lg-0 gutters-row-md-0 gutters-row-0 gutters-row-v-lg-0 gutters-row-v-md-0 gutters-row-v-0 style-587 style-local-1896-c13 position-relative\">\n        <!---->\n        <div class=\"h-row justify-content-lg-center justify-content-md-center justify-content-center align-items-lg-stretch align-items-md-stretch align-items-stretch gutters-col-lg-0 gutters-col-md-0 gutters-col-0 gutters-col-v-lg-0 gutters-col-v-md-0 gutters-col-v-0\">\n          <!---->\n          <div class=\"h-column h-column-container d-flex h-col-lg-auto h-col-md-auto h-col-auto style-588-outer style-local-1896-c14-outer\">\n            <div data-colibri-id=\"1896-c14\" class=\"d-flex h-flex-basis h-column__inner h-px-lg-0 h-px-md-0 h-px-0 v-inner-lg-0 v-inner-md-0 v-inner-0 style-588 style-local-1896-c14 position-relative\">\n              <!---->\n              <!---->\n              <div class=\"w-100 h-y-container h-column__content h-column__v-align flex-basis-100 align-self-lg-start align-self-md-start align-self-start\">\n                <!---->\n                <div data-colibri-id=\"1896-c15\" class=\"h-global-transition-all h-heading style-590 style-local-1896-c15 position-relative h-element\">\n                  <!---->\n                  <div class=\"h-heading__outer style-590 style-local-1896-c15\">\n                    <!---->\n                    <!---->\n                    <h3 class=\"\">Ni\u00f1os, adolescentes y adultos ya cambiaron su vida. El d\u00eda ideal es <span class=\"fancy-title-headline d-inline-flex\"><span class=\"text-wrapper-fancy\"><span class=\"text-animation-fancy\">AHORA\u2026.!!!<\/span>\n                      <svg xmlns=\"http:\/\/www.w3.org\/2000\/svg\"\n                        viewBox=\"0 0 500 150\" preserveAspectRatio=\"none\">\n                        <path d=\"M9.3,127.3c49.3-3,150.7-7.6,199.7-7.4c121.9,0.4,189.9,0.4,282.3,7.2C380.1,129.6,181.2,130.6,70,139 c82.6-2.9,254.2-1,335.9,1.3c-56,1.4-137.2-0.3-197.1,9\"><\/path>\n                      <\/svg>\n                      <\/span>\n                      <\/span>\n                    <\/h3>\n                  <\/div>\n                <\/div>\n                <div data-colibri-id=\"1896-c16\" class=\"h-text h-text-component style-591 style-local-1896-c16 position-relative h-element\">\n                  <!---->\n                  <!---->\n                  <div class=\"\">\n                    <p>Desde la edad de 12 a\u00f1os puedes usar nuestros productos THERMOGENESIS Y SPECTROPACH.&nbsp;<\/p>\n                    <p>\n                      <br>\n                    <\/p>\n                  <\/div>\n                <\/div>\n              <\/div>\n            <\/div>\n          <\/div>\n          <div class=\"h-column h-column-container d-flex h-col-lg-auto h-col-md-auto h-col-auto style-592-outer style-local-1896-c17-outer\">\n            <div data-colibri-id=\"1896-c17\" class=\"d-flex h-flex-basis h-column__inner h-ui-empty-state-container h-px-lg-2 h-px-md-2 h-px-2 v-inner-lg-2 v-inner-md-2 v-inner-2 style-592 style-local-1896-c17 position-relative\">\n              <!---->\n              <!---->\n              <div class=\"w-100 h-y-container h-column__content h-column__v-align flex-basis-100\">\n                <!---->\n              <\/div>\n            <\/div>\n          <\/div>\n        <\/div>\n      <\/div>\n    <\/div>\n  <\/div>\n<\/div>","protected":false},"excerpt":{"rendered":"<p>SI es posible&#8230; Nuestros tratamientos exclusivos THERMOG\u00c9NESIS, THERMOG\u00c9NTIBIUM Y SPECTROPACH, est\u00e1n dise\u00f1ados para lograr perder hasta 23 libras en 23 sesiones, con el apoyo Medico y Nutricional y si t\u00fa quieres lograrlo, debes iniciar organizando tus prioridades, muchas personas que nos escriben tienen en com\u00fan un factor de excusa que se llama \u00bb Tiempo \u00bb [&hellip;]<\/p>\n","protected":false},"author":1,"featured_media":0,"parent":0,"menu_order":0,"comment_status":"closed","ping_status":"closed","template":"page-templates\/full-width-page.php","meta":{"footnotes":""},"class_list":["post-1896","page","type-page","status-publish","hentry"],"_links":{"self":[{"href":"https:\/\/lainelsalvador.com\/sv\/wp-json\/wp\/v2\/pages\/1896","targetHints":{"allow":["GET"]}}],"collection":[{"href":"https:\/\/lainelsalvador.com\/sv\/wp-json\/wp\/v2\/pages"}],"about":[{"href":"https:\/\/lainelsalvador.com\/sv\/wp-json\/wp\/v2\/types\/page"}],"author":[{"embeddable":true,"href":"https:\/\/lainelsalvador.com\/sv\/wp-json\/wp\/v2\/users\/1"}],"replies":[{"embeddable":true,"href":"https:\/\/lainelsalvador.com\/sv\/wp-json\/wp\/v2\/comments?post=1896"}],"version-history":[{"count":10,"href":"https:\/\/lainelsalvador.com\/sv\/wp-json\/wp\/v2\/pages\/1896\/revisions"}],"predecessor-version":[{"id":2930,"href":"https:\/\/lainelsalvador.com\/sv\/wp-json\/wp\/v2\/pages\/1896\/revisions\/2930"}],"wp:attachment":[{"href":"https:\/\/lainelsalvador.com\/sv\/wp-json\/wp\/v2\/media?parent=1896"}],"curies":[{"name":"wp","href":"https:\/\/api.w.org\/{rel}","templated":true}]}}