{"id":1973,"date":"2020-12-09T01:12:04","date_gmt":"2020-12-09T01:12:04","guid":{"rendered":"https:\/\/lainelsalvador.com\/sv\/?page_id=1973"},"modified":"2023-06-07T18:37:55","modified_gmt":"2023-06-07T18:37:55","slug":"kit-lain-home-4","status":"publish","type":"page","link":"https:\/\/lainelsalvador.com\/sv\/kit-lain-home-4\/","title":{"rendered":"Kit LAIN Home"},"content":{"rendered":"<div data-colibri-id=\"1973-c1\" class=\"style-593 style-local-1973-c1 position-relative\">\n  <!---->\n  <div data-colibri-component=\"section\" data-colibri-id=\"1973-c2\" id=\"custom\" class=\"h-section h-section-global-spacing d-flex align-items-lg-center align-items-md-center align-items-center style-608 style-local-1973-c2 position-relative\">\n    <!---->\n    <!---->\n    <div class=\"h-section-grid-container h-section-boxed-container\">\n      <!---->\n      <div data-colibri-id=\"1973-c3\" class=\"h-row-container gutters-row-lg-2 gutters-row-md-2 gutters-row-0 gutters-row-v-lg-2 gutters-row-v-md-2 gutters-row-v-2 style-609 style-local-1973-c3 position-relative\">\n        <!---->\n        <div class=\"h-row justify-content-lg-center justify-content-md-center justify-content-center align-items-lg-stretch align-items-md-stretch align-items-stretch gutters-col-lg-2 gutters-col-md-2 gutters-col-0 gutters-col-v-lg-2 gutters-col-v-md-2 gutters-col-v-2\">\n          <!---->\n          <div class=\"h-column h-column-container d-flex h-col-lg-auto h-col-md-auto h-col-auto style-610-outer style-local-1973-c4-outer\">\n            <div data-colibri-id=\"1973-c4\" class=\"d-flex h-flex-basis h-column__inner h-px-lg-2 h-px-md-2 h-px-2 v-inner-lg-2 v-inner-md-2 v-inner-2 style-610 style-local-1973-c4 position-relative\">\n              <!---->\n              <!---->\n              <div class=\"w-100 h-y-container h-column__content h-column__v-align flex-basis-100 align-self-lg-start align-self-md-start align-self-start\">\n                <!---->\n                <div data-colibri-component=\"video\" data-colibri-id=\"1973-c5\" class=\"d-block h-video d-block h-video style-611 style-local-1973-c5 position-relative h-element\">\n                  <!---->\n                  <!---->\n                  <div class=\"video-container position-relative\">\n                    <div class=\"h-global-transition-all ratio-inner\"><video class='h-video-main' autoplay controls  ><source src=https:\/\/lainelsalvador.com\/sv\/wp-content\/uploads\/2021\/04\/albaprom.mp4 type='video\/mp4' \/><\/video><\/div>\n                  <\/div>\n                <\/div>\n              <\/div>\n            <\/div>\n          <\/div>\n        <\/div>\n      <\/div>\n    <\/div>\n  <\/div>\n  <div data-colibri-component=\"section\" data-colibri-id=\"1973-c7\" id=\"reusable-sections\" class=\"h-section h-section-global-spacing d-flex align-items-lg-center align-items-md-center align-items-center style-613 style-local-1973-c7 position-relative\">\n    <!---->\n    <!---->\n    <div class=\"h-section-grid-container h-section-boxed-container\">\n      <!---->\n      <div data-colibri-id=\"1973-c8\" class=\"h-row-container gutters-row-lg-0 gutters-row-md-0 gutters-row-2 gutters-row-v-lg-0 gutters-row-v-md-0 gutters-row-v-0 style-614 style-local-1973-c8 position-relative\">\n        <!---->\n        <div class=\"h-row justify-content-lg-center justify-content-md-center justify-content-center align-items-lg-stretch align-items-md-stretch align-items-stretch gutters-col-lg-0 gutters-col-md-0 gutters-col-2 gutters-col-v-lg-0 gutters-col-v-md-0 gutters-col-v-0\">\n          <!---->\n          <div class=\"h-column h-column-container d-flex h-col-lg-auto h-col-md-auto h-col-auto style-615-outer style-local-1973-c9-outer\">\n            <div data-colibri-id=\"1973-c9\" class=\"d-flex h-flex-basis h-column__inner h-px-lg-2 h-px-md-2 h-px-2 v-inner-lg-2 v-inner-md-2 v-inner-2 style-615 style-local-1973-c9 position-relative\">\n              <!---->\n              <!---->\n              <div class=\"w-100 h-y-container h-column__content h-column__v-align flex-basis-100 align-self-lg-center align-self-md-center align-self-center\">\n                <!---->\n                <div data-colibri-id=\"1973-c10\" class=\"h-global-transition-all h-heading style-616 style-local-1973-c10 position-relative h-element\">\n                  <!---->\n                  <div data-aos=\"bounce\" class=\"h-heading__outer style-616 style-local-1973-c10\">\n                    <!---->\n                    <!---->\n                    <h1 class=\"\">Con LAIN Home pierdes peso, modelas y tonificas, reduciendo flacidez, celulitis y estr\u00edas desde la comodidad <span class=\"fancy-title-headline d-inline-flex\"><span class=\"text-wrapper-fancy\"><span class=\"text-animation-fancy\">de t\u00fa hogar.<\/span>\n                      <svg\n                        xmlns=\"http:\/\/www.w3.org\/2000\/svg\" viewBox=\"0 0 500 150\" preserveAspectRatio=\"none\">\n                        <path d=\"M9.3,127.3c49.3-3,150.7-7.6,199.7-7.4c121.9,0.4,189.9,0.4,282.3,7.2C380.1,129.6,181.2,130.6,70,139 c82.6-2.9,254.2-1,335.9,1.3c-56,1.4-137.2-0.3-197.1,9\"><\/path>\n                        <\/svg>\n                        <\/span>\n                        <\/span>\n                    <\/h1>\n                  <\/div>\n                <\/div>\n                <div data-colibri-id=\"1973-c11\" class=\"h-text h-text-component style-617 style-local-1973-c11 position-relative h-element\">\n                  <!---->\n                  <!---->\n                  <div class=\"\">\n                    <p>Kit LAIN Home con los mejores y exclusivos productos: <span style=\"font-weight: 600;\">SPECTROPACH y THERMOGENESIS<\/span> logras resultados incre\u00edbles, por sus potentes efectos dado su poder bioactivador, reconstituyente e hidratante,\n                      que da elasticidad a las paredes de los vasos sangu\u00edneos, a la vez Acelera el Metabolismo reduciendo la Ansiedad y el Apetito, mejora la Retenci\u00f3n de L\u00edquidos y facilita la Cicatrizacion de las Varices Estrias y Celulitis.<\/p>\n                  <\/div>\n                <\/div>\n                <div data-colibri-id=\"1973-c12\" class=\"d-block style-632 style-local-1973-c12 position-relative h-element\">\n                  <!---->\n                  <div class=\"h-image__frame-container-outer\">\n                    <div class=\"h-image__frame-container\">\n                      <!---->\n                      <!---->\n                      <img decoding=\"async\" width=\"1200\" height=\"1128\" src=\"https:\/\/lainelsalvador.com\/sv\/wp-content\/uploads\/2021\/03\/cropped-WhatsApp-Image-2021-03-15-at-8.19.01-PM-1.jpeg\" class=\"wp-image-2237 style-632-image style-local-1973-c12-image\" alt=\"\" srcset=\"https:\/\/lainelsalvador.com\/sv\/wp-content\/uploads\/2021\/03\/cropped-WhatsApp-Image-2021-03-15-at-8.19.01-PM-1.jpeg 1200w, https:\/\/lainelsalvador.com\/sv\/wp-content\/uploads\/2021\/03\/cropped-WhatsApp-Image-2021-03-15-at-8.19.01-PM-1-300x282.jpeg 300w, https:\/\/lainelsalvador.com\/sv\/wp-content\/uploads\/2021\/03\/cropped-WhatsApp-Image-2021-03-15-at-8.19.01-PM-1-1024x963.jpeg 1024w, https:\/\/lainelsalvador.com\/sv\/wp-content\/uploads\/2021\/03\/cropped-WhatsApp-Image-2021-03-15-at-8.19.01-PM-1-768x722.jpeg 768w\" sizes=\"(max-width: 1200px) 100vw, 1200px\" \/>\n                      <div class=\"h-image__frame h-hide-lg h-hide-md h-hide-sm style-632-frameImage style-local-1973-c12-frameImage\"><\/div>\n                    <\/div>\n                  <\/div>\n                <\/div>\n              <\/div>\n            <\/div>\n          <\/div>\n        <\/div>\n      <\/div>\n    <\/div>\n  <\/div>\n  <div data-colibri-component=\"section\" data-colibri-id=\"1973-c13\" id=\"custom-2\" class=\"h-section h-section-global-spacing d-flex align-items-lg-center align-items-md-center align-items-center style-679 style-local-1973-c13 position-relative\">\n    <!---->\n    <!---->\n    <div class=\"h-section-grid-container h-section-boxed-container\">\n      <!---->\n      <div data-colibri-id=\"1973-c14\" class=\"h-row-container gutters-row-lg-2 gutters-row-md-2 gutters-row-0 gutters-row-v-lg-2 gutters-row-v-md-2 gutters-row-v-2 style-680 style-local-1973-c14 position-relative\">\n        <!---->\n        <div class=\"h-row justify-content-lg-center justify-content-md-center justify-content-center align-items-lg-stretch align-items-md-stretch align-items-stretch gutters-col-lg-2 gutters-col-md-2 gutters-col-0 gutters-col-v-lg-2 gutters-col-v-md-2 gutters-col-v-2\">\n          <!---->\n          <div class=\"h-column h-column-container d-flex h-col-lg-auto h-col-md-auto h-col-auto style-681-outer style-local-1973-c15-outer\">\n            <div data-colibri-id=\"1973-c15\" class=\"d-flex h-flex-basis h-column__inner h-px-lg-2 h-px-md-2 h-px-2 v-inner-lg-2 v-inner-md-2 v-inner-2 style-681 style-local-1973-c15 position-relative\">\n              <!---->\n              <!---->\n              <div class=\"w-100 h-y-container h-column__content h-column__v-align flex-basis-100 align-self-lg-start align-self-md-start align-self-start\">\n                <!---->\n                <div data-colibri-id=\"1973-c16\" class=\"d-block style-682 style-local-1973-c16 position-relative h-element\">\n                  <!---->\n                  <div class=\"h-image__frame-container-outer\">\n                    <div class=\"h-image__frame-container\">\n                      <!---->\n                      <!---->\n                      <img decoding=\"async\" width=\"721\" height=\"720\" src=\"https:\/\/lainelsalvador.com\/sv\/wp-content\/uploads\/2021\/09\/cropped-WhatsApp-Image-2021-09-25-at-8.58.09-PM-1.jpeg\" class=\"wp-image-2680 style-682-image style-local-1973-c16-image\" alt=\"\" srcset=\"https:\/\/lainelsalvador.com\/sv\/wp-content\/uploads\/2021\/09\/cropped-WhatsApp-Image-2021-09-25-at-8.58.09-PM-1.jpeg 721w, https:\/\/lainelsalvador.com\/sv\/wp-content\/uploads\/2021\/09\/cropped-WhatsApp-Image-2021-09-25-at-8.58.09-PM-1-300x300.jpeg 300w, https:\/\/lainelsalvador.com\/sv\/wp-content\/uploads\/2021\/09\/cropped-WhatsApp-Image-2021-09-25-at-8.58.09-PM-1-150x150.jpeg 150w\" sizes=\"(max-width: 721px) 100vw, 721px\" \/>\n                      <div class=\"h-image__frame h-hide-lg h-hide-md h-hide-sm style-682-frameImage style-local-1973-c16-frameImage\"><\/div>\n                    <\/div>\n                  <\/div>\n                <\/div>\n              <\/div>\n            <\/div>\n          <\/div>\n        <\/div>\n      <\/div>\n    <\/div>\n  <\/div>\n<\/div>","protected":false},"excerpt":{"rendered":"<p>Con LAIN Home pierdes peso, modelas y tonificas, reduciendo flacidez, celulitis y estr\u00edas desde la comodidad de t\u00fa hogar. Kit LAIN Home con los mejores y exclusivos productos: SPECTROPACH y THERMOGENESIS logras resultados incre\u00edbles, por sus potentes efectos dado su poder bioactivador, reconstituyente e hidratante, que da elasticidad a las paredes de los vasos sangu\u00edneos, [&hellip;]<\/p>\n","protected":false},"author":1,"featured_media":0,"parent":0,"menu_order":0,"comment_status":"closed","ping_status":"closed","template":"page-templates\/full-width-page.php","meta":{"footnotes":""},"class_list":["post-1973","page","type-page","status-publish","hentry"],"_links":{"self":[{"href":"https:\/\/lainelsalvador.com\/sv\/wp-json\/wp\/v2\/pages\/1973","targetHints":{"allow":["GET"]}}],"collection":[{"href":"https:\/\/lainelsalvador.com\/sv\/wp-json\/wp\/v2\/pages"}],"about":[{"href":"https:\/\/lainelsalvador.com\/sv\/wp-json\/wp\/v2\/types\/page"}],"author":[{"embeddable":true,"href":"https:\/\/lainelsalvador.com\/sv\/wp-json\/wp\/v2\/users\/1"}],"replies":[{"embeddable":true,"href":"https:\/\/lainelsalvador.com\/sv\/wp-json\/wp\/v2\/comments?post=1973"}],"version-history":[{"count":15,"href":"https:\/\/lainelsalvador.com\/sv\/wp-json\/wp\/v2\/pages\/1973\/revisions"}],"predecessor-version":[{"id":3667,"href":"https:\/\/lainelsalvador.com\/sv\/wp-json\/wp\/v2\/pages\/1973\/revisions\/3667"}],"wp:attachment":[{"href":"https:\/\/lainelsalvador.com\/sv\/wp-json\/wp\/v2\/media?parent=1973"}],"curies":[{"name":"wp","href":"https:\/\/api.w.org\/{rel}","templated":true}]}}