{"id":2965,"date":"2022-08-10T19:02:00","date_gmt":"2022-08-10T19:02:00","guid":{"rendered":"https:\/\/lainelsalvador.com\/sv\/?page_id=2965"},"modified":"2022-08-15T21:10:13","modified_gmt":"2022-08-15T21:10:13","slug":"politica-de-privacidad-y-politica-de-cookies","status":"publish","type":"page","link":"https:\/\/lainelsalvador.com\/sv\/politica-de-privacidad-y-politica-de-cookies\/","title":{"rendered":"Pol\u00edtica de privacidad y cookies"},"content":{"rendered":"<div data-colibri-id=\"2965-c1\" class=\"style-782 style-local-2965-c1 position-relative\">\n  <!---->\n  <div data-colibri-component=\"section\" data-colibri-id=\"2965-c2\" id=\"custom\" class=\"h-section h-section-global-spacing d-flex align-items-lg-center align-items-md-center align-items-center style-783 style-local-2965-c2 position-relative\">\n    <!---->\n    <!---->\n    <div class=\"h-section-grid-container h-section-boxed-container\">\n      <!---->\n      <div data-colibri-id=\"2965-c3\" class=\"h-row-container gutters-row-lg-2 gutters-row-md-2 gutters-row-0 gutters-row-v-lg-2 gutters-row-v-md-2 gutters-row-v-2 style-784 style-local-2965-c3 position-relative\">\n        <!---->\n        <div class=\"h-row justify-content-lg-center justify-content-md-center justify-content-center align-items-lg-stretch align-items-md-stretch align-items-stretch gutters-col-lg-2 gutters-col-md-2 gutters-col-0 gutters-col-v-lg-2 gutters-col-v-md-2 gutters-col-v-2\">\n          <!---->\n          <div class=\"h-column h-column-container d-flex h-col-lg-auto h-col-md-auto h-col-auto style-785-outer style-local-2965-c4-outer\">\n            <div data-colibri-id=\"2965-c4\" class=\"d-flex h-flex-basis h-column__inner h-px-lg-2 h-px-md-2 h-px-2 v-inner-lg-2 v-inner-md-2 v-inner-2 style-785 style-local-2965-c4 position-relative\">\n              <!---->\n              <!---->\n              <div class=\"w-100 h-y-container h-column__content h-column__v-align flex-basis-100 align-self-lg-start align-self-md-start align-self-start\">\n                <!---->\n                <div data-colibri-id=\"2965-c5\" class=\"h-text h-text-component style-786 style-local-2965-c5 position-relative h-element\">\n                  <!---->\n                  <!---->\n                  <div class=\"\">\n                    <p>Centro M\u00e9dico LAIN respeta su privacidad personal y se compromete a protegerla. No es necesario revelar su identidad ni ninguna informaci\u00f3n personal para visitar\n                      <a href=\"https:\/\/lainelsalvador.com\" class=\"customize-unpreviewable\">lainelsalvador.com<\/a>.<\/p>\n                    <h5><strong>Uso de Cookies<\/strong><\/h5>\n                    <p>Centro M\u00e9dico LAIN puede usar cookies en ocasiones para rastrear el n\u00famero de personas que visitan nuestro sitio desde otros sitios web y c\u00f3mo utilizan nuestro sitio web. Las cookies que utilizamos no identifican a las personas por\n                      su nombre, direcci\u00f3n de correo electr\u00f3nico, estado de salud o cualquier otro atributo personal. Cierta informaci\u00f3n general sobre los visitantes de nuestro sitio se recopila autom\u00e1ticamente. Esto puede incluir el dominio desde el\n                      que accede a Internet, el navegador web que utiliza (como Internet Explorer, Firefox o Safari), la fecha y hora de la visita a nuestro sitio, las p\u00e1ginas que se visitan, la direcci\u00f3n de Internet del sitio web desde el que se vincul\u00f3\n                      directamente a nosotros, y el nombre y el n\u00famero de versi\u00f3n del software del navegador web que est\u00e1 utilizando. Nuestra empresa y nuestros terceros de confianza pueden compartir entre s\u00ed versiones an\u00f3nimas de la informaci\u00f3n del usuario\n                      recopilada en este sitio. Podemos utilizar esa informaci\u00f3n para vincular y emitir cookies an\u00f3nimas que contengan datos demogr\u00e1ficos o basados en la intenci\u00f3n con fines de publicidad conductual en l\u00ednea.&nbsp;Dichas cookies no contienen\n                      informaci\u00f3n de identificaci\u00f3n personal.&nbsp;<\/p>\n                    <p>Esta informaci\u00f3n nunca se vincular\u00e1 a su identidad personal, se utilizar\u00e1 para contactarlo o se divulgar\u00e1 a una entidad externa de ninguna manera, a menos que lo solicite (consulte la secci\u00f3n \u00abInformaci\u00f3n personal\u00bb a continuaci\u00f3n).\n                      La mayor\u00eda de los navegadores web aceptan autom\u00e1ticamente las cookies, pero proporcionan una opci\u00f3n para bloquear la aceptaci\u00f3n de cookies.<\/p>\n                    <h5><strong>Informaci\u00f3n personal de visitantes del sitio web<\/strong><\/h5>\n                    <p>Algunas \u00e1reas de nuestro sitio web le permiten la opci\u00f3n de ingresar informaci\u00f3n personal. Para proporcionarle los productos o servicios que solicite, le pediremos ciertos datos personales. Por ejemplo, cuando realice compras, se ponga\n                      en contacto con nosotros, o utilice nuestra Plataforma. Estos datos personales incluyen sus datos de contacto, incluyendo nombre, correo electr\u00f3nico, n\u00famero de tel\u00e9fono y direcci\u00f3n de env\u00edo. Si elige voluntariamente proporcionar\n                      informaci\u00f3n personal, puede ser vista por varias personas en Centro M\u00e9dico LAIN en el proceso de responder a su solicitud o compra en l\u00ednea. Si los visitantes del sitio web deciden proporcionar a Centro M\u00e9dico LAIN informaci\u00f3n personal,\n                      nunca venderemos ni alquilaremos esta informaci\u00f3n sin su consentimiento, excepto si la ley nos lo exige.&nbsp;<\/p>\n                    <p>Su informaci\u00f3n personal se conservar\u00e1 durante el tiempo que sea necesario para llevar a cabo los fines establecidos en esta pol\u00edtica de privacidad (a menos que la ley aplicable exija un per\u00edodo de conservaci\u00f3n m\u00e1s prolongado). Para\n                      los datos personales relacionados con las compras de productos y\/o servicios, los conservamos por m\u00e1s tiempo para cumplir con obligaciones legales (como las leyes fiscales y de ventas y para fines de garant\u00eda).<\/p>\n                    <h5><strong>Seguridad<\/strong><\/h5>\n                    <p>Centro M\u00e9dico LAIN hace un uso extensivo de tecnolog\u00edas y t\u00e9cnicas para ayudar a proteger la integridad de la informaci\u00f3n personal que nos proporciona a trav\u00e9s de Internet. A\u00fan as\u00ed, debe tener en cuenta que las comunicaciones electr\u00f3nicas\n                      no siempre son seguras, a pesar de todas las precauciones. Si le preocupa proporcionar informaci\u00f3n confidencial, es posible que desee hacerlo por tel\u00e9fono, correo regular o durante una consulta personal, en lugar de electr\u00f3nicamente.<\/p>\n                    <h5><strong>Enlaces externos<\/strong><\/h5>\n                    <p>El sitio web de Centro M\u00e9dico LAIN puede contener enlaces a sitios web externos que no son propiedad ni est\u00e1n controlados por Centro M\u00e9dico LAIN. No podemos ser responsables de las protecciones de privacidad proporcionadas por los\n                      sitios fuera del sitio de Centro M\u00e9dico LAIN, incluso si est\u00e1n vinculados al sitio web de Centro M\u00e9dico LAIN. Un enlace a un sitio, compa\u00f1\u00eda u organizaci\u00f3n externa de ninguna manera constituye un respaldo o aprobaci\u00f3n de ese sitio,\n                      informaci\u00f3n, servicio u organizaci\u00f3n, ya sea directa o impl\u00edcitamente, y Centro M\u00e9dico LAIN no es responsable del contenido en sitios externos.<\/p>\n                    <h5><strong>Nota para los padres<\/strong><\/h5>\n                    <p>Cumplimos con las leyes locales y no permitimos que los ni\u00f1os se registren en nuestra Plataforma cuando no alcancen la edad legal m\u00ednima requerida en el pa\u00eds en el que residan. Solicitaremos el consentimiento de los padres de los menores\n                      que participen en experiencias y eventos de Centro M\u00e9dico LAIN.<\/p>\n                    <h5><strong>Informaci\u00f3n sobre derechos de autor<\/strong><\/h5>\n                    <p>Todo el material contenido en\n                      <a href=\"https:\/\/lainelsalvador.com\" class=\"customize-unpreviewable\">lainelsalvador.com<\/a> es propiedad exclusiva de Centro M\u00e9dico LAIN. Todo lo que ve o escucha en el sitio tiene derechos de autor. Esto incluye, entre otros, todo el contenido escrito y gr\u00e1fico, texto, im\u00e1genes, fotograf\u00edas, ilustraciones,\n                      audio, video, logotipos y c\u00f3digo de programaci\u00f3n de computadoras. El material que se muestra en el sitio no puede ser distribuido, modificado, reproducido o reutilizado de ninguna manera para fines personales, p\u00fablicos o comerciales\n                      sin el consentimiento por escrito de Centro M\u00e9dico LAIN o sus designados. Las marcas comerciales, logotipos y marcas de servicio que se muestran en\n                      <a href=\"https:\/\/lainelsalvador.com\" class=\"customize-unpreviewable\">lainelsalvador.com<\/a> son marcas registradas y no registradas de Centro M\u00e9dico LAIN y otros. Centro M\u00e9dico LAIN no garantiza ni declara que su uso de los materiales que se muestran en\n                      <a href=\"https:\/\/lainelsalvador.com\" class=\"customize-unpreviewable\">lainelsalvador.com<\/a> no infringir\u00e1 los derechos de terceros que no sean propiedad de Centro M\u00e9dico LAIN ni est\u00e9n afiliados a Centro M\u00e9dico LAIN. Cualquier uso no autorizado del material de\n                      <a href=\"https:\/\/lainelsalvador.com\" class=\"customize-unpreviewable\">lainelsalvador.com<\/a> puede violar las leyes de derechos de autor, las leyes de marcas comerciales, las leyes de privacidad y publicidad, y las regulaciones y estatutos de comunicaciones. Centro M\u00e9dico LAIN har\u00e1 cumplir agresivamente\n                      sus derechos de autor y propiedad intelectual en toda la extensi\u00f3n de la ley.<\/p>\n                    <h5><strong>Cambios a nuestra Pol\u00edtica de Privacidad<\/strong><\/h5>\n                    <p>La ley aplicable y nuestras pr\u00e1cticas cambian con el tiempo. Si decidimos actualizar nuestra Pol\u00edtica, publicaremos los cambios en nuestra Plataforma. Si cambiamos materialmente la forma en que tratamos los datos personales, le proporcionaremos\n                      un aviso previo o, cuando sea legalmente necesario, solicitaremos su consentimiento antes de llevar a cabo dichos cambios. Le recomendamos que lea nuestra Pol\u00edtica y se mantenga informado de nuestras pr\u00e1cticas. Esta Pol\u00edtica fue\n                      modificada por \u00faltima vez 10 de agosto de 2022.<\/p>\n                    <h5><strong>Preguntas<\/strong><\/h5>\n                    <p>Si tiene preguntas sobre cuestiones de derechos de autor relacionadas con\n                      <a href=\"https:\/\/lainelsalvador.com\" class=\"customize-unpreviewable\">lainelsalvador.com<\/a>, p\u00f3ngase en contacto con nosotros. Si desea enviarnos sus comentarios, preguntas o inquietudes, por favor env\u00ede un correo electr\u00f3nico a\n                      <a href=\"mailto:servicioalcliente@lainelsalvador.com\">servicioalcliente@lainelsalvador.com<\/a>.<\/p>\n                  <\/div>\n                <\/div>\n              <\/div>\n            <\/div>\n          <\/div>\n        <\/div>\n      <\/div>\n    <\/div>\n  <\/div>\n<\/div>","protected":false},"excerpt":{"rendered":"<p>Centro M\u00e9dico LAIN respeta su privacidad personal y se compromete a protegerla. No es necesario revelar su identidad ni ninguna informaci\u00f3n personal para visitar lainelsalvador.com. Uso de Cookies Centro M\u00e9dico LAIN puede usar cookies en ocasiones para rastrear el n\u00famero de personas que visitan nuestro sitio desde otros sitios web y c\u00f3mo utilizan nuestro sitio [&hellip;]<\/p>\n","protected":false},"author":1,"featured_media":0,"parent":0,"menu_order":0,"comment_status":"closed","ping_status":"closed","template":"page-templates\/full-width-page.php","meta":{"footnotes":""},"class_list":["post-2965","page","type-page","status-publish","hentry"],"_links":{"self":[{"href":"https:\/\/lainelsalvador.com\/sv\/wp-json\/wp\/v2\/pages\/2965","targetHints":{"allow":["GET"]}}],"collection":[{"href":"https:\/\/lainelsalvador.com\/sv\/wp-json\/wp\/v2\/pages"}],"about":[{"href":"https:\/\/lainelsalvador.com\/sv\/wp-json\/wp\/v2\/types\/page"}],"author":[{"embeddable":true,"href":"https:\/\/lainelsalvador.com\/sv\/wp-json\/wp\/v2\/users\/1"}],"replies":[{"embeddable":true,"href":"https:\/\/lainelsalvador.com\/sv\/wp-json\/wp\/v2\/comments?post=2965"}],"version-history":[{"count":5,"href":"https:\/\/lainelsalvador.com\/sv\/wp-json\/wp\/v2\/pages\/2965\/revisions"}],"predecessor-version":[{"id":3040,"href":"https:\/\/lainelsalvador.com\/sv\/wp-json\/wp\/v2\/pages\/2965\/revisions\/3040"}],"wp:attachment":[{"href":"https:\/\/lainelsalvador.com\/sv\/wp-json\/wp\/v2\/media?parent=2965"}],"curies":[{"name":"wp","href":"https:\/\/api.w.org\/{rel}","templated":true}]}}